{"id":25,"date":"2018-10-10T16:39:34","date_gmt":"2018-10-10T15:39:34","guid":{"rendered":"https:\/\/nonnystravelphotos.wordpress.com\/?page_id=2"},"modified":"2020-11-28T12:05:55","modified_gmt":"2020-11-28T11:05:55","slug":"ueber","status":"publish","type":"page","link":"https:\/\/www.nonnyontheroad.de\/?page_id=25","title":{"rendered":"\u00dcber"},"content":{"rendered":"<p><strong>Wer bin ich \u00fcberhaupt?<\/strong><\/p>\n<p>Ich freue mich, dass ich mich hier kurz und knapp bei euch vorstellen darf!<\/p>\n<p>Viele von euch kennen mich aus dem Familien- und Freundeskreis, einige von euch sind aber auch \u00fcber andere Wege als die Werbung in eigenen Reihen &#8211; oder auch: &#8222;Achtung, ich nerve schon wieder, ein neuer Blogeintrag ist hochgeladen, schaut es euch an. SOFORT!&#8220;&#8230; Meine Freunde wissen sicherlich, wovon ich spreche \ud83d\ude42<\/p>\n<figure id=\"attachment_564\" align=\"alignleft\" width=\"300\"><a href=\"https:\/\/www.nonnyontheroad.de\/wp-content\/uploads\/2019\/04\/img_6129.jpg\"><img loading=\"lazy\" decoding=\"async\" src=\"https:\/\/www.nonnyontheroad.de\/wp-content\/uploads\/2019\/04\/img_6129-300x300.jpg\" class=\"size-medium wp-image-564\" width=\"300\" height=\"300\" alt=\"\" srcset=\"https:\/\/www.nonnyontheroad.de\/wp-content\/uploads\/2019\/04\/img_6129-300x300.jpg 300w, https:\/\/www.nonnyontheroad.de\/wp-content\/uploads\/2019\/04\/img_6129-150x150.jpg 150w, https:\/\/www.nonnyontheroad.de\/wp-content\/uploads\/2019\/04\/img_6129-768x769.jpg 768w, https:\/\/www.nonnyontheroad.de\/wp-content\/uploads\/2019\/04\/img_6129.jpg 959w\" sizes=\"auto, (max-width: 300px) 100vw, 300px\" \/><\/a> Malm\u00f6 2017<\/figure>\n<p>Nun kurz zu meiner Person: Mein Name ist eigentlich Conny, aber ein lustiger Zufall erbrachte mir den weiteren Spitznamen Nonny. Ich komme aus dem wundersch\u00f6nen Bergischen Land nahe der Domstadt K\u00f6ln und ich liebe es, die Welt zu erkunden!<\/p>\n<p>Ich habe mich vor einigen Monaten entschieden, diesen Fotoblog ins Leben zu rufen. Mir geht es dabei aber nicht um Reisetipps oder die Empfehlung besonderer Orte, sondern um meine Fotos und deren Geschichte oder Gedanken, die dahinter stecken.<\/p>\n<p>Ich w\u00fcnsche euch viel Spa\u00df beim St\u00f6bern! \ud83d\ude42<\/p>\n<p>Saludos,<\/p>\n<p><span style=\"color: #0000ff\"><em>Nonny <\/em><\/span><\/p>\n","protected":false},"excerpt":{"rendered":"<p>Wer bin ich \u00fcberhaupt? Ich freue mich, dass ich mich hier kurz und knapp bei euch vorstellen darf! Viele von euch kennen mich aus dem Familien- und Freundeskreis, einige von euch sind aber auch \u00fcberDetails<\/p>\n","protected":false},"author":2,"featured_media":562,"parent":0,"menu_order":1,"comment_status":"closed","ping_status":"closed","template":"","meta":{"_exactmetrics_skip_tracking":false,"_exactmetrics_sitenote_active":false,"_exactmetrics_sitenote_note":"","_exactmetrics_sitenote_category":0,"jetpack_post_was_ever_published":false,"footnotes":""},"class_list":["post-25","page","type-page","status-publish","has-post-thumbnail","hentry"],"jetpack_sharing_enabled":false,"jetpack_shortlink":"https:\/\/wp.me\/PaAjpJ-p","jetpack_likes_enabled":true,"_links":{"self":[{"href":"https:\/\/www.nonnyontheroad.de\/index.php?rest_route=\/wp\/v2\/pages\/25","targetHints":{"allow":["GET"]}}],"collection":[{"href":"https:\/\/www.nonnyontheroad.de\/index.php?rest_route=\/wp\/v2\/pages"}],"about":[{"href":"https:\/\/www.nonnyontheroad.de\/index.php?rest_route=\/wp\/v2\/types\/page"}],"author":[{"embeddable":true,"href":"https:\/\/www.nonnyontheroad.de\/index.php?rest_route=\/wp\/v2\/users\/2"}],"replies":[{"embeddable":true,"href":"https:\/\/www.nonnyontheroad.de\/index.php?rest_route=%2Fwp%2Fv2%2Fcomments&post=25"}],"version-history":[{"count":5,"href":"https:\/\/www.nonnyontheroad.de\/index.php?rest_route=\/wp\/v2\/pages\/25\/revisions"}],"predecessor-version":[{"id":841,"href":"https:\/\/www.nonnyontheroad.de\/index.php?rest_route=\/wp\/v2\/pages\/25\/revisions\/841"}],"wp:featuredmedia":[{"embeddable":true,"href":"https:\/\/www.nonnyontheroad.de\/index.php?rest_route=\/wp\/v2\/media\/562"}],"wp:attachment":[{"href":"https:\/\/www.nonnyontheroad.de\/index.php?rest_route=%2Fwp%2Fv2%2Fmedia&parent=25"}],"curies":[{"name":"wp","href":"https:\/\/api.w.org\/{rel}","templated":true}]}}